{"id":44,"date":"2021-10-19T07:36:22","date_gmt":"2021-10-19T07:36:22","guid":{"rendered":"https:\/\/kits.themecy.com\/memberships-3\/?page_id=44"},"modified":"2025-07-10T11:42:45","modified_gmt":"2025-07-10T09:42:45","slug":"contact","status":"publish","type":"page","link":"https:\/\/www.airstayprague.cz\/en\/contact\/","title":{"rendered":"Contact"},"content":{"rendered":"\n<hr class=\"wp-block-separator has-text-color has-theme-palette-2-color has-alpha-channel-opacity has-theme-palette-2-background-color has-background is-style-wide\"\/>\n\n\n<style>.kb-row-layout-id44_2667bc-a2 > .kt-row-column-wrap{align-content:start;}:where(.kb-row-layout-id44_2667bc-a2 > .kt-row-column-wrap) > .wp-block-kadence-column{justify-content:start;}.kb-row-layout-id44_2667bc-a2 > .kt-row-column-wrap{column-gap:var(--global-kb-gap-md, 2rem);row-gap:var(--global-kb-gap-md, 2rem);max-width:var( --global-content-width, 1290px );padding-left:var(--global-content-edge-padding);padding-right:var(--global-content-edge-padding);padding-top:var(--global-kb-spacing-sm, 1.5rem);padding-bottom:var(--global-kb-spacing-sm, 1.5rem);grid-template-columns:minmax(0, calc(50% - ((var(--global-kb-gap-md, 2rem) * 1 )\/2)))minmax(0, calc(50% - ((var(--global-kb-gap-md, 2rem) * 1 )\/2)));}.kb-row-layout-id44_2667bc-a2 > .kt-row-layout-overlay{opacity:0.30;}@media all and (max-width: 1024px){.kb-row-layout-id44_2667bc-a2 > .kt-row-column-wrap{grid-template-columns:repeat(2, minmax(0, 1fr));}}@media all and (max-width: 767px){.kb-row-layout-id44_2667bc-a2 > .kt-row-column-wrap{grid-template-columns:minmax(0, 1fr);}}<\/style><div class=\"kb-row-layout-wrap kb-row-layout-id44_2667bc-a2 alignnone wp-block-kadence-rowlayout\"><div class=\"kt-row-column-wrap kt-has-2-columns kt-row-layout-equal kt-tab-layout-inherit kt-mobile-layout-row kt-row-valign-top kb-theme-content-width\">\n<style>.kadence-column44_f74203-56 > .kt-inside-inner-col,.kadence-column44_f74203-56 > .kt-inside-inner-col:before{border-top-left-radius:0px;border-top-right-radius:0px;border-bottom-right-radius:0px;border-bottom-left-radius:0px;}.kadence-column44_f74203-56 > .kt-inside-inner-col{column-gap:var(--global-kb-gap-sm, 1rem);}.kadence-column44_f74203-56 > .kt-inside-inner-col{flex-direction:column;}.kadence-column44_f74203-56 > .kt-inside-inner-col > .aligncenter{width:100%;}.kadence-column44_f74203-56 > .kt-inside-inner-col:before{opacity:0.3;}.kadence-column44_f74203-56{position:relative;}@media all and (max-width: 1024px){.kadence-column44_f74203-56 > .kt-inside-inner-col{flex-direction:column;justify-content:center;}}@media all and (max-width: 767px){.kadence-column44_f74203-56 > .kt-inside-inner-col{flex-direction:column;justify-content:center;}}<\/style>\n<div class=\"wp-block-kadence-column kadence-column44_f74203-56\"><div class=\"kt-inside-inner-col\"><style>.wp-block-kadence-advancedheading.kt-adv-heading44_668942-02, .wp-block-kadence-advancedheading.kt-adv-heading44_668942-02[data-kb-block=\"kb-adv-heading44_668942-02\"]{font-style:normal;}.wp-block-kadence-advancedheading.kt-adv-heading44_668942-02 mark.kt-highlight, .wp-block-kadence-advancedheading.kt-adv-heading44_668942-02[data-kb-block=\"kb-adv-heading44_668942-02\"] mark.kt-highlight{font-style:normal;color:#f76a0c;-webkit-box-decoration-break:clone;box-decoration-break:clone;padding-top:0px;padding-right:0px;padding-bottom:0px;padding-left:0px;}.wp-block-kadence-advancedheading.kt-adv-heading44_668942-02 img.kb-inline-image, .wp-block-kadence-advancedheading.kt-adv-heading44_668942-02[data-kb-block=\"kb-adv-heading44_668942-02\"] img.kb-inline-image{width:150px;vertical-align:baseline;}@media all and (max-width: 767px){.wp-block-kadence-advancedheading.kt-adv-heading44_668942-02, .wp-block-kadence-advancedheading.kt-adv-heading44_668942-02[data-kb-block=\"kb-adv-heading44_668942-02\"]{font-size:var(--global-kb-font-size-xl, 3rem);}}<\/style>\n<h1 class=\"kt-adv-heading44_668942-02 wp-block-kadence-advancedheading\" data-kb-block=\"kb-adv-heading44_668942-02\">Kontaktujte n\u00e1s<\/h1>\n\n\n\n<p class=\"has-medium-font-size\">Chcete se dozv\u011bd\u011bt v\u00edce nebo z\u00edskat kalkulaci na Va\u0161i nemovitost? Nez\u00e1vazn\u011b poptejte na\u0161e slu\u017eby.<\/p>\n\n\n<style>.wp-block-kadence-iconlist.kt-svg-icon-list-items44_54302f-a3:not(.this-stops-third-party-issues){margin-top:0px;margin-bottom:0px;}.wp-block-kadence-iconlist.kt-svg-icon-list-items44_54302f-a3 ul.kt-svg-icon-list:not(.this-prevents-issues):not(.this-stops-third-party-issues):not(.tijsloc){margin-top:0px;margin-right:0px;margin-bottom:var(--global-kb-spacing-sm, 1.5rem);margin-left:0px;}.wp-block-kadence-iconlist.kt-svg-icon-list-items44_54302f-a3 ul.kt-svg-icon-list{grid-row-gap:5px;}.wp-block-kadence-iconlist.kt-svg-icon-list-items44_54302f-a3 ul.kt-svg-icon-list .kt-svg-icon-list-item-wrap .kt-svg-icon-list-single{margin-right:10px;}.kt-svg-icon-list-items44_54302f-a3 ul.kt-svg-icon-list .kt-svg-icon-list-level-0 .kt-svg-icon-list-single svg{font-size:20px;}<\/style>\n<div class=\"wp-block-kadence-iconlist kt-svg-icon-list-items kt-svg-icon-list-items44_54302f-a3 kt-svg-icon-list-columns-1 alignnone\"><ul class=\"kt-svg-icon-list\"><style>.kt-svg-icon-list-item-44_cd8919-d8 .kt-svg-icon-list-text mark.kt-highlight{background-color:unset;font-style:normal;color:#f76a0c;-webkit-box-decoration-break:clone;box-decoration-break:clone;padding-top:0px;padding-right:0px;padding-bottom:0px;padding-left:0px;}<\/style>\n<li class=\"wp-block-kadence-listitem kt-svg-icon-list-item-wrap kt-svg-icon-list-item-44_cd8919-d8\"><span class=\"kb-svg-icon-wrap kb-svg-icon-fe_mail kt-svg-icon-list-single\"><svg viewBox=\"0 0 24 24\"  fill=\"none\" stroke=\"currentColor\" stroke-width=\"2\" stroke-linecap=\"round\" stroke-linejoin=\"round\" xmlns=\"http:\/\/www.w3.org\/2000\/svg\"  aria-hidden=\"true\"><path d=\"M4 4h16c1.1 0 2 .9 2 2v12c0 1.1-.9 2-2 2H4c-1.1 0-2-.9-2-2V6c0-1.1.9-2 2-2z\"\/><polyline points=\"22,6 12,13 2,6\"\/><\/svg><\/span><span class=\"kt-svg-icon-list-text\">tereza@airstayprague.cz<\/span><\/li>\n\n\n<style>.kt-svg-icon-list-item-44_53c8fe-9f .kt-svg-icon-list-text mark.kt-highlight{background-color:unset;font-style:normal;color:#f76a0c;-webkit-box-decoration-break:clone;box-decoration-break:clone;padding-top:0px;padding-right:0px;padding-bottom:0px;padding-left:0px;}<\/style>\n<li class=\"wp-block-kadence-listitem kt-svg-icon-list-item-wrap kt-svg-icon-list-item-44_53c8fe-9f\"><span class=\"kb-svg-icon-wrap kb-svg-icon-fe_phone kt-svg-icon-list-single\"><svg viewBox=\"0 0 24 24\"  fill=\"none\" stroke=\"currentColor\" stroke-width=\"2\" stroke-linecap=\"round\" stroke-linejoin=\"round\" xmlns=\"http:\/\/www.w3.org\/2000\/svg\"  aria-hidden=\"true\"><path d=\"M22 16.92v3a2 2 0 0 1-2.18 2 19.79 19.79 0 0 1-8.63-3.07 19.5 19.5 0 0 1-6-6 19.79 19.79 0 0 1-3.07-8.67A2 2 0 0 1 4.11 2h3a2 2 0 0 1 2 1.72 12.84 12.84 0 0 0 .7 2.81 2 2 0 0 1-.45 2.11L8.09 9.91a16 16 0 0 0 6 6l1.27-1.27a2 2 0 0 1 2.11-.45 12.84 12.84 0 0 0 2.81.7A2 2 0 0 1 22 16.92z\"\/><\/svg><\/span><span class=\"kt-svg-icon-list-text\">+420 602 630 605<\/span><\/li>\n\n\n<style>.kt-svg-icon-list-item-44_5a945b-05 .kt-svg-icon-list-text mark.kt-highlight{background-color:unset;font-style:normal;color:#f76a0c;-webkit-box-decoration-break:clone;box-decoration-break:clone;padding-top:0px;padding-right:0px;padding-bottom:0px;padding-left:0px;}<\/style>\n<li class=\"wp-block-kadence-listitem kt-svg-icon-list-item-wrap kt-svg-icon-list-item-44_5a945b-05\"><span class=\"kb-svg-icon-wrap kb-svg-icon-fe_mapPin kt-svg-icon-list-single\"><svg viewBox=\"0 0 24 24\"  fill=\"none\" stroke=\"currentColor\" stroke-width=\"2\" stroke-linecap=\"round\" stroke-linejoin=\"round\" xmlns=\"http:\/\/www.w3.org\/2000\/svg\"  aria-hidden=\"true\"><path d=\"M21 10c0 7-9 13-9 13s-9-6-9-13a9 9 0 0 1 18 0z\"\/><circle cx=\"12\" cy=\"10\" r=\"3\"\/><\/svg><\/span><span class=\"kt-svg-icon-list-text\">Charv\u00e1tova 1988\/3, Praha 1, 110 0<\/span><\/li>\n<\/ul><\/div>\n\n\n\n<a href=\"https:\/\/www.airbnb.cz\/users\/show\/10680564\" target=\"_blank\" style=\"text-decoration: none; color: #000000; font-weight: bold; font-size: 16px;\" rel=\"noopener\">\n    <span style=\"display: inline-flex; align-items: center;\">\n        <img decoding=\"async\" src=\"https:\/\/www.airstayprague.cz\/wp-content\/uploads\/2025\/01\/airbnb.png\" alt=\"Airbnb\" style=\"width: 20px; height: 20px; margin-right: 8px;\">\n        Zobrazit n\u00e1\u0161 Airbnb profil\n    <\/span>\n<\/a>\n<\/div><\/div>\n\n\n<style>.kadence-column44_a868ec-9f > .kt-inside-inner-col,.kadence-column44_a868ec-9f > .kt-inside-inner-col:before{border-top-left-radius:0px;border-top-right-radius:0px;border-bottom-right-radius:0px;border-bottom-left-radius:0px;}.kadence-column44_a868ec-9f > .kt-inside-inner-col{column-gap:var(--global-kb-gap-sm, 1rem);}.kadence-column44_a868ec-9f > .kt-inside-inner-col{flex-direction:column;}.kadence-column44_a868ec-9f > .kt-inside-inner-col > .aligncenter{width:100%;}.kadence-column44_a868ec-9f > .kt-inside-inner-col:before{opacity:0.3;}.kadence-column44_a868ec-9f{position:relative;}@media all and (max-width: 1024px){.kadence-column44_a868ec-9f > .kt-inside-inner-col{flex-direction:column;justify-content:center;}}@media all and (max-width: 767px){.kadence-column44_a868ec-9f > .kt-inside-inner-col{flex-direction:column;justify-content:center;}}<\/style>\n<div class=\"wp-block-kadence-column kadence-column44_a868ec-9f\"><div class=\"kt-inside-inner-col\"><style>.kb-form input.kadence-blocks-field.verify{opacity:0.0;position:absolute;top:0.0;left:0.0;width:0.0;height:0.0;z-index:-1;}<\/style>\n<div class=\"wp-block-kadence-form kadence-form-44_4cd596-af kb-form-wrap\"><form class=\"kb-form\" action=\"\" method=\"post\"><div class=\"kadence-blocks-form-field kb-field-desk-width-100 kb-input-size-standard\"><label for=\"kb_field_44_4cd596-af_0\">Jm\u00e9no<span class=\"required\">*<\/span><\/label><input name=\"kb_field_0\" id=\"kb_field_44_4cd596-af_0\" data-label=\"Jm\u00e9no\" type=\"text\" placeholder=\"\" value=\"\" data-type=\"text\" class=\"kb-field kb-text-style-field kb-text-field kb-field-0\" data-required=\"yes\"\/><\/div><div class=\"kadence-blocks-form-field kb-form-field-1 kb-field-desk-width-100 kb-input-size-standard\"><label for=\"kb_field_44_4cd596-af_1\">Email<span class=\"required\">*<\/span><\/label><input name=\"kb_field_1\" id=\"kb_field_44_4cd596-af_1\" data-label=\"Email\" type=\"email\" placeholder=\"\" value=\"\" data-type=\"email\" class=\"kb-field kb-text-style-field kb-email-field kb-field-1\" data-required=\"yes\"\/><\/div><div class=\"kadence-blocks-form-field kb-form-field-2 kb-field-desk-width-100 kb-input-size-standard\"><label for=\"kb_field_44_4cd596-af_2\">Zpr\u00e1va<span class=\"required\">*<\/span><\/label><textarea name=\"kb_field_2\" id=\"kb_field_44_4cd596-af_2\" data-label=\"Zpr\u00e1va\" type=\"textarea\" placeholder=\"\" data-type=\"textarea\" class=\"kb-field kb-text-style-field kb-textarea-field kb-field-2\" rows=\"4\" data-required=\"yes\"><\/textarea><\/div><div class=\"kadence-blocks-form-field kb-form-field-3 kb-field-desk-width-100 kb-input-size-standard kb-accept-form-field\"><input type=\"checkbox\" name=\"kb_field_3\" id=\"kb_field_44_4cd596-af_3\" class=\"kb-field kb-checkbox-style kb-accept\" value=\"accept\" checked data-type=\"accept\"\/><label for=\"kb_field_44_4cd596-af_3\">Souhlas\u00edm se zasl\u00e1n\u00edm marketingov\u00fdch sd\u011blen\u00ed.<\/label><\/div><input type=\"hidden\" name=\"_kb_form_id\" value=\"44_4cd596-af\"\/><input type=\"hidden\" name=\"_kb_form_post_id\" value=\"44\"\/><input type=\"hidden\" name=\"action\" value=\"kb_process_ajax_submit\"\/><input type=\"hidden\" name=\"recaptcha_response\" class=\"kb_recaptcha_response kb_recaptcha_44_4cd596-af\"\/><label class=\"kadence-verify-label\">Email<input class=\"kadence-blocks-field verify\" type=\"text\" name=\"_kb_verify_email\" autocomplete=\"new-password\" aria-hidden=\"true\" placeholder=\"Email\" tabindex=\"-1\" data-1p-ignore=\"true\" data-lpignore=\"true\" \/><\/label><div class=\"kadence-blocks-form-field kb-submit-field kb-field-desk-width-100\"><button class=\"kb-forms-submit button kb-button-size-standard kb-button-width-auto\">Poslat<\/button><\/div><\/form><\/div>\n<noscript><div class=\"kadence-blocks-form-message kadence-blocks-form-warning\">Please enable JavaScript in your browser to submit the form<\/div><style>.kadence-form-44_4cd596-af .kadence-blocks-form-field.kb-submit-field { display: none; }<\/style><\/noscript>\n\n\n<div style=\"height:10px\" aria-hidden=\"true\" class=\"wp-block-spacer\"><\/div>\n\n\n\n<p style=\"font-size:10px\">Va\u0161e osobn\u00ed \u00fadaje zpracov\u00e1v\u00e1me za \u00fa\u010delem zpracov\u00e1n\u00ed popt\u00e1vky. Pokud si p\u0159ejete dost\u00e1vat i na\u0161e marketingov\u00e1 sd\u011blen\u00ed (nab\u00eddky, informace o slu\u017eb\u00e1ch apod.), za\u0161krtn\u011bte pros\u00edm pol\u00ed\u010dko v\u00fd\u0161e. Podrobnosti naleznete v na\u0161ich Z\u00e1sad\u00e1ch ochrany osobn\u00edch \u00fadaj\u016f.<\/p>\n<\/div><\/div>\n\n<\/div><\/div>\n\n<style>.kb-row-layout-id44_8c24f2-ac > .kt-row-column-wrap{align-content:start;}:where(.kb-row-layout-id44_8c24f2-ac > .kt-row-column-wrap) > .wp-block-kadence-column{justify-content:start;}.kb-row-layout-id44_8c24f2-ac > .kt-row-column-wrap{column-gap:var(--global-kb-gap-md, 2rem);row-gap:var(--global-kb-gap-md, 2rem);max-width:var( --global-content-width, 1290px );padding-left:var(--global-content-edge-padding);padding-right:var(--global-content-edge-padding);padding-top:var(--global-kb-spacing-sm, 1.5rem);padding-bottom:var(--global-kb-spacing-lg, 3rem);grid-template-columns:minmax(0, 1fr);}.kb-row-layout-id44_8c24f2-ac > .kt-row-layout-overlay{opacity:0.30;}@media all and (max-width: 1024px){.kb-row-layout-id44_8c24f2-ac > .kt-row-column-wrap{grid-template-columns:minmax(0, 1fr);}}@media all and (max-width: 767px){.kb-row-layout-id44_8c24f2-ac > .kt-row-column-wrap{grid-template-columns:minmax(0, 1fr);}}<\/style><div class=\"kb-row-layout-wrap kb-row-layout-id44_8c24f2-ac alignnone wp-block-kadence-rowlayout\"><div class=\"kt-row-column-wrap kt-has-1-columns kt-row-layout-equal kt-tab-layout-inherit kt-mobile-layout-row kt-row-valign-top kb-theme-content-width\">\n<style>.kadence-column44_6c1070-ee > .kt-inside-inner-col,.kadence-column44_6c1070-ee > .kt-inside-inner-col:before{border-top-left-radius:0px;border-top-right-radius:0px;border-bottom-right-radius:0px;border-bottom-left-radius:0px;}.kadence-column44_6c1070-ee > .kt-inside-inner-col{column-gap:var(--global-kb-gap-sm, 1rem);}.kadence-column44_6c1070-ee > .kt-inside-inner-col{flex-direction:column;}.kadence-column44_6c1070-ee > .kt-inside-inner-col > .aligncenter{width:100%;}.kadence-column44_6c1070-ee > .kt-inside-inner-col:before{opacity:0.3;}.kadence-column44_6c1070-ee{position:relative;}@media all and (max-width: 1024px){.kadence-column44_6c1070-ee > .kt-inside-inner-col{flex-direction:column;justify-content:center;}}@media all and (max-width: 767px){.kadence-column44_6c1070-ee > .kt-inside-inner-col{flex-direction:column;justify-content:center;}}<\/style>\n<div class=\"wp-block-kadence-column kadence-column44_6c1070-ee\"><div class=\"kt-inside-inner-col\">\n<iframe src=\"https:\/\/www.google.com\/maps\/embed?pb=!1m18!1m12!1m3!1d2560.25130459959!2d14.419185276037366!3d50.08158161385528!2m3!1f0!2f0!3f0!3m2!1i1024!2i768!4f13.1!3m3!1m2!1s0x470b95abd1f6e403%3A0xea792de0ac19842e!2sAirstay%20Prague!5e0!3m2!1sen!2scz!4v1735820136396!5m2!1sen!2scz\" width=\"100%\" height=\"450\" style=\"border:0;\" allowfullscreen=\"\" loading=\"lazy\" referrerpolicy=\"no-referrer-when-downgrade\"><\/iframe>\n\n\n<style>.wp-block-kadence-iconlist.kt-svg-icon-list-items44_8831f2-79:not(.this-stops-third-party-issues){margin-top:0px;margin-bottom:0px;}.wp-block-kadence-iconlist.kt-svg-icon-list-items44_8831f2-79 ul.kt-svg-icon-list:not(.this-prevents-issues):not(.this-stops-third-party-issues):not(.tijsloc){margin-top:0px;margin-right:0px;margin-bottom:var(--global-kb-spacing-sm, 1.5rem);margin-left:0px;}.wp-block-kadence-iconlist.kt-svg-icon-list-items44_8831f2-79 ul.kt-svg-icon-list{grid-row-gap:5px;}.wp-block-kadence-iconlist.kt-svg-icon-list-items44_8831f2-79 .kb-svg-icon-wrap{font-size:0px;}.wp-block-kadence-iconlist.kt-svg-icon-list-items44_8831f2-79 ul.kt-svg-icon-list .kt-svg-icon-list-item-wrap .kt-svg-icon-list-single{margin-right:10px;}.kt-svg-icon-list-items44_8831f2-79 ul.kt-svg-icon-list .kt-svg-icon-list-level-0 .kt-svg-icon-list-single svg{font-size:20px;}<\/style>\n<div class=\"wp-block-kadence-iconlist kt-svg-icon-list-items kt-svg-icon-list-items44_8831f2-79 kt-svg-icon-list-columns-1 alignnone\"><ul class=\"kt-svg-icon-list\"><style>.kt-svg-icon-list-item-44_4d1453-ef .kt-svg-icon-list-text mark.kt-highlight{background-color:unset;font-style:normal;color:#f76a0c;-webkit-box-decoration-break:clone;box-decoration-break:clone;padding-top:0px;padding-right:0px;padding-bottom:0px;padding-left:0px;}<\/style>\n<li class=\"wp-block-kadence-listitem kt-svg-icon-list-item-wrap kt-svg-icon-list-item-44_4d1453-ef\"><div class=\"kt-svg-icon-list-single\" style=\"display: inline-flex; justify-content: center; align-items: center;\"><svg viewBox=\"0 0 24 24\" height=\"1em\" width=\"1em\" fill=\"none\" stroke=\"currentColor\" xmlns=\"http:\/\/www.w3.org\/2000\/svg\" style=\"display: inline-block; vertical-align: middle;\"><\/svg><\/div><span class=\"kt-svg-icon-list-text\">Airstay Prague s.r.o.<\/span><\/li>\n\n\n<style>.kt-svg-icon-list-item-44_2b08ce-e5 .kt-svg-icon-list-text mark.kt-highlight{background-color:unset;font-style:normal;color:#f76a0c;-webkit-box-decoration-break:clone;box-decoration-break:clone;padding-top:0px;padding-right:0px;padding-bottom:0px;padding-left:0px;}<\/style>\n<li class=\"wp-block-kadence-listitem kt-svg-icon-list-item-wrap kt-svg-icon-list-item-44_2b08ce-e5\"><div class=\"kt-svg-icon-list-single\" style=\"display: inline-flex; justify-content: center; align-items: center;\"><svg viewBox=\"0 0 24 24\" height=\"1em\" width=\"1em\" fill=\"none\" stroke=\"currentColor\" xmlns=\"http:\/\/www.w3.org\/2000\/svg\" style=\"display: inline-block; vertical-align: middle;\"><\/svg><\/div><span class=\"kt-svg-icon-list-text\">S\u00eddlo: Charv\u00e1tova 1988\/3, Praha 1, 11000<\/span><\/li>\n\n\n<style>.kt-svg-icon-list-item-44_ea300a-fd .kt-svg-icon-list-text mark.kt-highlight{background-color:unset;font-style:normal;color:#f76a0c;-webkit-box-decoration-break:clone;box-decoration-break:clone;padding-top:0px;padding-right:0px;padding-bottom:0px;padding-left:0px;}<\/style>\n<li class=\"wp-block-kadence-listitem kt-svg-icon-list-item-wrap kt-svg-icon-list-item-44_ea300a-fd\"><div class=\"kt-svg-icon-list-single\" style=\"display: inline-flex; justify-content: center; align-items: center;\"><svg viewBox=\"0 0 24 24\" height=\"1em\" width=\"1em\" fill=\"none\" stroke=\"currentColor\" xmlns=\"http:\/\/www.w3.org\/2000\/svg\" style=\"display: inline-block; vertical-align: middle;\"><\/svg><\/div><span class=\"kt-svg-icon-list-text\">I\u010cO: 06590888<\/span><\/li>\n<\/ul><\/div>\n<\/div><\/div>\n\n<\/div><\/div>","protected":false},"excerpt":{"rendered":"<p>Kontaktujte n\u00e1s Chcete se dozv\u011bd\u011bt v\u00edce nebo z\u00edskat kalkulaci na Va\u0161i nemovitost? Nez\u00e1vazn\u011b poptejte na\u0161e slu\u017eby. Zobrazit n\u00e1\u0161 Airbnb profil Va\u0161e osobn\u00ed \u00fadaje zpracov\u00e1v\u00e1me za \u00fa\u010delem zpracov\u00e1n\u00ed popt\u00e1vky. Pokud si p\u0159ejete dost\u00e1vat i na\u0161e marketingov\u00e1 sd\u011blen\u00ed (nab\u00eddky, informace o slu\u017eb\u00e1ch apod.), za\u0161krtn\u011bte pros\u00edm pol\u00ed\u010dko v\u00fd\u0161e. Podrobnosti naleznete v na\u0161ich Z\u00e1sad\u00e1ch ochrany osobn\u00edch \u00fadaj\u016f.<\/p>","protected":false},"author":1,"featured_media":682,"parent":0,"menu_order":0,"comment_status":"closed","ping_status":"closed","template":"","meta":{"_kadence_starter_templates_imported_post":true,"_kad_post_transparent":"","_kad_post_title":"hide","_kad_post_layout":"fullwidth","_kad_post_sidebar_id":"","_kad_post_content_style":"unboxed","_kad_post_vertical_padding":"hide","_kad_post_feature":"hide","_kad_post_feature_position":"","_kad_post_header":false,"_kad_post_footer":false,"_kad_post_classname":"","footnotes":""},"class_list":["post-44","page","type-page","status-publish","has-post-thumbnail","hentry"],"_links":{"self":[{"href":"https:\/\/www.airstayprague.cz\/en\/wp-json\/wp\/v2\/pages\/44","targetHints":{"allow":["GET"]}}],"collection":[{"href":"https:\/\/www.airstayprague.cz\/en\/wp-json\/wp\/v2\/pages"}],"about":[{"href":"https:\/\/www.airstayprague.cz\/en\/wp-json\/wp\/v2\/types\/page"}],"author":[{"embeddable":true,"href":"https:\/\/www.airstayprague.cz\/en\/wp-json\/wp\/v2\/users\/1"}],"replies":[{"embeddable":true,"href":"https:\/\/www.airstayprague.cz\/en\/wp-json\/wp\/v2\/comments?post=44"}],"version-history":[{"count":67,"href":"https:\/\/www.airstayprague.cz\/en\/wp-json\/wp\/v2\/pages\/44\/revisions"}],"predecessor-version":[{"id":2341,"href":"https:\/\/www.airstayprague.cz\/en\/wp-json\/wp\/v2\/pages\/44\/revisions\/2341"}],"wp:featuredmedia":[{"embeddable":true,"href":"https:\/\/www.airstayprague.cz\/en\/wp-json\/wp\/v2\/media\/682"}],"wp:attachment":[{"href":"https:\/\/www.airstayprague.cz\/en\/wp-json\/wp\/v2\/media?parent=44"}],"curies":[{"name":"wp","href":"https:\/\/api.w.org\/{rel}","templated":true}]}}